{"id":41,"date":"2020-06-06T21:49:19","date_gmt":"2020-06-07T00:49:19","guid":{"rendered":"http:\/\/dsipartnersconsulting.com\/blog\/?page_id=41"},"modified":"2020-11-03T12:09:08","modified_gmt":"2020-11-03T14:09:08","slug":"41-2","status":"publish","type":"page","link":"https:\/\/dsipartnersconsulting.com\/blog\/","title":{"rendered":"Our Blog"},"content":{"rendered":"\t\t<div data-elementor-type=\"wp-page\" data-elementor-id=\"41\" class=\"elementor elementor-41\" data-elementor-settings=\"[]\">\n\t\t\t\t\t\t<div class=\"elementor-inner\">\n\t\t\t\t\t\t\t<div class=\"elementor-section-wrap\">\n\t\t\t\t\t\t\t<section class=\"elementor-section elementor-top-section elementor-element elementor-element-7851517 elementor-section-boxed elementor-section-height-default elementor-section-height-default\" data-id=\"7851517\" data-element_type=\"section\">\n\t\t\t\t\t\t<div class=\"elementor-container elementor-column-gap-default\">\n\t\t\t\t\t\t\t<div class=\"elementor-row\">\n\t\t\t\t\t<div class=\"elementor-column elementor-col-100 elementor-top-column elementor-element elementor-element-0bc9c98\" data-id=\"0bc9c98\" data-element_type=\"column\">\n\t\t\t<div class=\"elementor-column-wrap elementor-element-populated\">\n\t\t\t\t\t\t\t<div class=\"elementor-widget-wrap\">\n\t\t\t\t\t\t<div class=\"elementor-element elementor-element-50e5ee4 elementor-grid-2 elementor-grid-tablet-2 elementor-grid-mobile-1 elementor-posts--thumbnail-top elementor-widget elementor-widget-posts\" data-id=\"50e5ee4\" data-element_type=\"widget\" data-settings=\"{&quot;classic_columns&quot;:&quot;2&quot;,&quot;classic_columns_tablet&quot;:&quot;2&quot;,&quot;classic_columns_mobile&quot;:&quot;1&quot;,&quot;classic_row_gap&quot;:{&quot;unit&quot;:&quot;px&quot;,&quot;size&quot;:35,&quot;sizes&quot;:[]}}\" data-widget_type=\"posts.classic\">\n\t\t\t\t<div class=\"elementor-widget-container\">\n\t\t\t\t\t<div class=\"elementor-posts-container elementor-posts elementor-posts--skin-classic elementor-grid\">\n\t\t\t\t<article class=\"elementor-post elementor-grid-item post-2570 post type-post status-publish format-standard has-post-thumbnail hentry category-news\">\n\t\t\t\t<a class=\"elementor-post__thumbnail__link\" href=\"https:\/\/dsipartnersconsulting.com\/blog\/a-poderosa-matriz-bcg\/\" >\n\t\t\t<div class=\"elementor-post__thumbnail\"><img width=\"300\" height=\"200\" src=\"https:\/\/dsipartnersconsulting.com\/blog\/wp-content\/uploads\/2021\/05\/PILULA-DE-CONHECIMENTO-1_SILVIO_MAIO_2021-300x200.png\" class=\"attachment-medium size-medium\" alt=\"\" srcset=\"https:\/\/dsipartnersconsulting.com\/blog\/wp-content\/uploads\/2021\/05\/PILULA-DE-CONHECIMENTO-1_SILVIO_MAIO_2021-300x200.png 300w, https:\/\/dsipartnersconsulting.com\/blog\/wp-content\/uploads\/2021\/05\/PILULA-DE-CONHECIMENTO-1_SILVIO_MAIO_2021-1024x684.png 1024w, https:\/\/dsipartnersconsulting.com\/blog\/wp-content\/uploads\/2021\/05\/PILULA-DE-CONHECIMENTO-1_SILVIO_MAIO_2021-768x513.png 768w, https:\/\/dsipartnersconsulting.com\/blog\/wp-content\/uploads\/2021\/05\/PILULA-DE-CONHECIMENTO-1_SILVIO_MAIO_2021.png 1483w\" sizes=\"(max-width: 300px) 100vw, 300px\" \/><\/div>\n\t\t<\/a>\n\t\t\t\t<div class=\"elementor-post__text\">\n\t\t\t\t<h3 class=\"elementor-post__title\">\n\t\t\t<a href=\"https:\/\/dsipartnersconsulting.com\/blog\/a-poderosa-matriz-bcg\/\" >\n\t\t\t\tA poderosa matriz BCG\t\t\t<\/a>\n\t\t<\/h3>\n\t\t\t\t<div class=\"elementor-post__meta-data\">\n\t\t\t\t\t<span class=\"elementor-post-date\">\n\t\t\tMay 7, 2021\t\t<\/span>\n\t\t\t\t<\/div>\n\t\t\t\t<div class=\"elementor-post__excerpt\">\n\t\t\t<p>A matriz BCG (cuja sigla significa Boston Consulting Group, empresa onde foi desenvolvida a matriz na d\u00e9cada de 70 por Bruce Henderson) \u00e9 uma ferramenta<\/p>\n\t\t<\/div>\n\t\t\t\t\t<a class=\"elementor-post__read-more\" href=\"https:\/\/dsipartnersconsulting.com\/blog\/a-poderosa-matriz-bcg\/\" >\n\t\t\t\tRead More \u00bb\t\t\t<\/a>\n\t\t\t\t<\/div>\n\t\t\t\t<\/article>\n\t\t\t\t<article class=\"elementor-post elementor-grid-item post-2456 post type-post status-publish format-standard has-post-thumbnail hentry category-news\">\n\t\t\t\t<a class=\"elementor-post__thumbnail__link\" href=\"https:\/\/dsipartnersconsulting.com\/blog\/a-importancia-do-lifelong-learning-para-o-desenvolvimento-e-a-atualizacao-profissional\/\" >\n\t\t\t<div class=\"elementor-post__thumbnail\"><img width=\"300\" height=\"200\" src=\"https:\/\/dsipartnersconsulting.com\/blog\/wp-content\/uploads\/2021\/04\/Post-Lifelong-Learning-300x200.jpeg\" class=\"attachment-medium size-medium\" alt=\"\" srcset=\"https:\/\/dsipartnersconsulting.com\/blog\/wp-content\/uploads\/2021\/04\/Post-Lifelong-Learning-300x200.jpeg 300w, https:\/\/dsipartnersconsulting.com\/blog\/wp-content\/uploads\/2021\/04\/Post-Lifelong-Learning-768x512.jpeg 768w, https:\/\/dsipartnersconsulting.com\/blog\/wp-content\/uploads\/2021\/04\/Post-Lifelong-Learning.jpeg 987w\" sizes=\"(max-width: 300px) 100vw, 300px\" \/><\/div>\n\t\t<\/a>\n\t\t\t\t<div class=\"elementor-post__text\">\n\t\t\t\t<h3 class=\"elementor-post__title\">\n\t\t\t<a href=\"https:\/\/dsipartnersconsulting.com\/blog\/a-importancia-do-lifelong-learning-para-o-desenvolvimento-e-a-atualizacao-profissional\/\" >\n\t\t\t\tA import\u00e2ncia do Lifelong Learning para o desenvolvimento e a atualiza\u00e7\u00e3o profissional\t\t\t<\/a>\n\t\t<\/h3>\n\t\t\t\t<div class=\"elementor-post__meta-data\">\n\t\t\t\t\t<span class=\"elementor-post-date\">\n\t\t\tApril 28, 2021\t\t<\/span>\n\t\t\t\t<\/div>\n\t\t\t\t<div class=\"elementor-post__excerpt\">\n\t\t\t<p>A educa\u00e7\u00e3o \u00e9 a base, o pilar, o alicerce de uma sociedade, de um pa\u00eds. Na escola aprendemos civilidade, respeito, conhecimento, entre outras dezenas de<\/p>\n\t\t<\/div>\n\t\t\t\t\t<a class=\"elementor-post__read-more\" href=\"https:\/\/dsipartnersconsulting.com\/blog\/a-importancia-do-lifelong-learning-para-o-desenvolvimento-e-a-atualizacao-profissional\/\" >\n\t\t\t\tRead More \u00bb\t\t\t<\/a>\n\t\t\t\t<\/div>\n\t\t\t\t<\/article>\n\t\t\t\t<article class=\"elementor-post elementor-grid-item post-2352 post type-post status-publish format-standard has-post-thumbnail hentry category-news\">\n\t\t\t\t<a class=\"elementor-post__thumbnail__link\" href=\"https:\/\/dsipartnersconsulting.com\/blog\/new-organizational-models\/\" >\n\t\t\t<div class=\"elementor-post__thumbnail\"><img width=\"300\" height=\"211\" src=\"https:\/\/dsipartnersconsulting.com\/blog\/wp-content\/uploads\/2021\/04\/ARTIGO-MODUNHO-1_ABRIL-2021-300x211.png\" class=\"attachment-medium size-medium\" alt=\"\" srcset=\"https:\/\/dsipartnersconsulting.com\/blog\/wp-content\/uploads\/2021\/04\/ARTIGO-MODUNHO-1_ABRIL-2021-300x211.png 300w, https:\/\/dsipartnersconsulting.com\/blog\/wp-content\/uploads\/2021\/04\/ARTIGO-MODUNHO-1_ABRIL-2021-1024x720.png 1024w, https:\/\/dsipartnersconsulting.com\/blog\/wp-content\/uploads\/2021\/04\/ARTIGO-MODUNHO-1_ABRIL-2021-768x540.png 768w, https:\/\/dsipartnersconsulting.com\/blog\/wp-content\/uploads\/2021\/04\/ARTIGO-MODUNHO-1_ABRIL-2021.png 1372w\" sizes=\"(max-width: 300px) 100vw, 300px\" \/><\/div>\n\t\t<\/a>\n\t\t\t\t<div class=\"elementor-post__text\">\n\t\t\t\t<h3 class=\"elementor-post__title\">\n\t\t\t<a href=\"https:\/\/dsipartnersconsulting.com\/blog\/new-organizational-models\/\" >\n\t\t\t\tNew Organizational Models\t\t\t<\/a>\n\t\t<\/h3>\n\t\t\t\t<div class=\"elementor-post__meta-data\">\n\t\t\t\t\t<span class=\"elementor-post-date\">\n\t\t\tApril 20, 2021\t\t<\/span>\n\t\t\t\t<\/div>\n\t\t\t\t<div class=\"elementor-post__excerpt\">\n\t\t\t<p>A common phrase in the business world is that organizations have to be constantly evolving,rethinking and reorganizing their operating strategies. An example of this is<\/p>\n\t\t<\/div>\n\t\t\t\t\t<a class=\"elementor-post__read-more\" href=\"https:\/\/dsipartnersconsulting.com\/blog\/new-organizational-models\/\" >\n\t\t\t\tRead More \u00bb\t\t\t<\/a>\n\t\t\t\t<\/div>\n\t\t\t\t<\/article>\n\t\t\t\t<article class=\"elementor-post elementor-grid-item post-2175 post type-post status-publish format-standard has-post-thumbnail hentry category-news\">\n\t\t\t\t<a class=\"elementor-post__thumbnail__link\" href=\"https:\/\/dsipartnersconsulting.com\/blog\/impax-and-dsi-form-strategic-distribution-partnership\/\" >\n\t\t\t<div class=\"elementor-post__thumbnail\"><img width=\"300\" height=\"190\" src=\"https:\/\/dsipartnersconsulting.com\/blog\/wp-content\/uploads\/2021\/04\/IMPAX-300x190.png\" class=\"attachment-medium size-medium\" alt=\"Impax Corp TM\" srcset=\"https:\/\/dsipartnersconsulting.com\/blog\/wp-content\/uploads\/2021\/04\/IMPAX-300x190.png 300w, https:\/\/dsipartnersconsulting.com\/blog\/wp-content\/uploads\/2021\/04\/IMPAX-1024x649.png 1024w, https:\/\/dsipartnersconsulting.com\/blog\/wp-content\/uploads\/2021\/04\/IMPAX-768x487.png 768w, https:\/\/dsipartnersconsulting.com\/blog\/wp-content\/uploads\/2021\/04\/IMPAX.png 1278w\" sizes=\"(max-width: 300px) 100vw, 300px\" \/><\/div>\n\t\t<\/a>\n\t\t\t\t<div class=\"elementor-post__text\">\n\t\t\t\t<h3 class=\"elementor-post__title\">\n\t\t\t<a href=\"https:\/\/dsipartnersconsulting.com\/blog\/impax-and-dsi-form-strategic-distribution-partnership\/\" >\n\t\t\t\tIMPAX Sales Performance and DSI Partners Consulting form a strategic distribution partnership.\t\t\t<\/a>\n\t\t<\/h3>\n\t\t\t\t<div class=\"elementor-post__meta-data\">\n\t\t\t\t\t<span class=\"elementor-post-date\">\n\t\t\tApril 12, 2021\t\t<\/span>\n\t\t\t\t<\/div>\n\t\t\t\t<div class=\"elementor-post__excerpt\">\n\t\t\t<p>IMPAX Sales Performance (Minneapolis, MN) and DSI Partners Consulting (Sorocaba, Brazil) have signed a strategic distribution agreement allowing DSI Partners Consulting to promote and deliver<\/p>\n\t\t<\/div>\n\t\t\t\t\t<a class=\"elementor-post__read-more\" href=\"https:\/\/dsipartnersconsulting.com\/blog\/impax-and-dsi-form-strategic-distribution-partnership\/\" >\n\t\t\t\tRead More \u00bb\t\t\t<\/a>\n\t\t\t\t<\/div>\n\t\t\t\t<\/article>\n\t\t\t\t<article class=\"elementor-post elementor-grid-item post-1791 post type-post status-publish format-standard has-post-thumbnail hentry category-news\">\n\t\t\t\t<a class=\"elementor-post__thumbnail__link\" href=\"https:\/\/dsipartnersconsulting.com\/blog\/os-desafios-para-a-implementacao-de-uma-estrategia-de-transformacao-digital-exitosa-por-aldo-baeza\/\" >\n\t\t\t<div class=\"elementor-post__thumbnail\"><img width=\"300\" height=\"290\" src=\"https:\/\/dsipartnersconsulting.com\/blog\/wp-content\/uploads\/2021\/03\/WhatsApp-Image-2021-03-22-at-17.07.48-300x290.jpeg\" class=\"attachment-medium size-medium\" alt=\"\" srcset=\"https:\/\/dsipartnersconsulting.com\/blog\/wp-content\/uploads\/2021\/03\/WhatsApp-Image-2021-03-22-at-17.07.48-300x290.jpeg 300w, https:\/\/dsipartnersconsulting.com\/blog\/wp-content\/uploads\/2021\/03\/WhatsApp-Image-2021-03-22-at-17.07.48.jpeg 678w\" sizes=\"(max-width: 300px) 100vw, 300px\" \/><\/div>\n\t\t<\/a>\n\t\t\t\t<div class=\"elementor-post__text\">\n\t\t\t\t<h3 class=\"elementor-post__title\">\n\t\t\t<a href=\"https:\/\/dsipartnersconsulting.com\/blog\/os-desafios-para-a-implementacao-de-uma-estrategia-de-transformacao-digital-exitosa-por-aldo-baeza\/\" >\n\t\t\t\tOs desafios para a implementa\u00e7\u00e3o de uma estrat\u00e9gia de Transforma\u00e7\u00e3o Digital exitosa\t\t\t<\/a>\n\t\t<\/h3>\n\t\t\t\t<div class=\"elementor-post__meta-data\">\n\t\t\t\t\t<span class=\"elementor-post-date\">\n\t\t\tMarch 22, 2021\t\t<\/span>\n\t\t\t\t<\/div>\n\t\t\t\t<div class=\"elementor-post__excerpt\">\n\t\t\t<p>Os desafios para a implementa\u00e7\u00e3o de uma estrat\u00e9gia de Transforma\u00e7\u00e3o Digital exitosa \u2026 por Aldo BaezaUm dos temas e assuntos mais discutidos nas organiza\u00e7\u00f5es atualmente,<\/p>\n\t\t<\/div>\n\t\t\t\t\t<a class=\"elementor-post__read-more\" href=\"https:\/\/dsipartnersconsulting.com\/blog\/os-desafios-para-a-implementacao-de-uma-estrategia-de-transformacao-digital-exitosa-por-aldo-baeza\/\" >\n\t\t\t\tRead More \u00bb\t\t\t<\/a>\n\t\t\t\t<\/div>\n\t\t\t\t<\/article>\n\t\t\t\t<article class=\"elementor-post elementor-grid-item post-1787 post type-post status-publish format-standard has-post-thumbnail hentry category-news\">\n\t\t\t\t<a class=\"elementor-post__thumbnail__link\" href=\"https:\/\/dsipartnersconsulting.com\/blog\/engagement\/\" >\n\t\t\t<div class=\"elementor-post__thumbnail\"><img width=\"300\" height=\"171\" src=\"https:\/\/dsipartnersconsulting.com\/blog\/wp-content\/uploads\/2021\/03\/WhatsApp-Image-2021-03-22-at-16.40.50-300x171.jpeg\" class=\"attachment-medium size-medium\" alt=\"\" srcset=\"https:\/\/dsipartnersconsulting.com\/blog\/wp-content\/uploads\/2021\/03\/WhatsApp-Image-2021-03-22-at-16.40.50-300x171.jpeg 300w, https:\/\/dsipartnersconsulting.com\/blog\/wp-content\/uploads\/2021\/03\/WhatsApp-Image-2021-03-22-at-16.40.50-1024x582.jpeg 1024w, https:\/\/dsipartnersconsulting.com\/blog\/wp-content\/uploads\/2021\/03\/WhatsApp-Image-2021-03-22-at-16.40.50-768x437.jpeg 768w, https:\/\/dsipartnersconsulting.com\/blog\/wp-content\/uploads\/2021\/03\/WhatsApp-Image-2021-03-22-at-16.40.50.jpeg 1173w\" sizes=\"(max-width: 300px) 100vw, 300px\" \/><\/div>\n\t\t<\/a>\n\t\t\t\t<div class=\"elementor-post__text\">\n\t\t\t\t<h3 class=\"elementor-post__title\">\n\t\t\t<a href=\"https:\/\/dsipartnersconsulting.com\/blog\/engagement\/\" >\n\t\t\t\tEngagement\t\t\t<\/a>\n\t\t<\/h3>\n\t\t\t\t<div class=\"elementor-post__meta-data\">\n\t\t\t\t\t<span class=\"elementor-post-date\">\n\t\t\tMarch 22, 2021\t\t<\/span>\n\t\t\t\t<\/div>\n\t\t\t\t<div class=\"elementor-post__excerpt\">\n\t\t\t<p>Engagement has become an object of desire for organizations, but this is nothing more than the old concept of \u201cwearing the shirt\u201d redesigned, a more<\/p>\n\t\t<\/div>\n\t\t\t\t\t<a class=\"elementor-post__read-more\" href=\"https:\/\/dsipartnersconsulting.com\/blog\/engagement\/\" >\n\t\t\t\tRead More \u00bb\t\t\t<\/a>\n\t\t\t\t<\/div>\n\t\t\t\t<\/article>\n\t\t\t\t<\/div>\n\t\t\t\t<nav class=\"elementor-pagination\" role=\"navigation\" aria-label=\"Pagination\">\n\t\t\t<span class=\"page-numbers prev\">&laquo; Previous<\/span>\n<a class=\"page-numbers next\" href=\"https:\/\/dsipartnersconsulting.com\/blog\/wp-json\/wp\/v2\/pages\/41\/page\/2\/\">Next &raquo;<\/a>\t\t<\/nav>\n\t\t\t\t<\/div>\n\t\t\t\t<\/div>\n\t\t\t\t\t\t<\/div>\n\t\t\t\t\t<\/div>\n\t\t<\/div>\n\t\t\t\t\t\t\t\t<\/div>\n\t\t\t\t\t<\/div>\n\t\t<\/section>\n\t\t\t\t\t\t<\/div>\n\t\t\t\t\t\t<\/div>\n\t\t\t\t\t<\/div>\n\t\t","protected":false},"excerpt":{"rendered":"<p>yes<\/p>\n","protected":false},"author":4,"featured_media":0,"parent":0,"menu_order":0,"comment_status":"closed","ping_status":"closed","template":"","meta":[],"yoast_head":"<!-- This site is optimized with the Yoast SEO plugin v16.5 - https:\/\/yoast.com\/wordpress\/plugins\/seo\/ -->\n<title>Our Blog - Blog DSI Partners<\/title>\n<meta name=\"robots\" content=\"index, follow, max-snippet:-1, max-image-preview:large, max-video-preview:-1\" \/>\n<link rel=\"canonical\" href=\"https:\/\/dsipartnersconsulting.com\/blog\/\" \/>\n<meta property=\"og:locale\" content=\"en_US\" \/>\n<meta property=\"og:type\" content=\"article\" \/>\n<meta property=\"og:title\" content=\"Our Blog - Blog DSI Partners\" \/>\n<meta property=\"og:description\" content=\"yes\" \/>\n<meta property=\"og:url\" content=\"https:\/\/dsipartnersconsulting.com\/blog\/\" \/>\n<meta property=\"og:site_name\" content=\"Blog DSI Partners\" \/>\n<meta property=\"article:modified_time\" content=\"2020-11-03T14:09:08+00:00\" \/>\n<meta name=\"twitter:card\" content=\"summary_large_image\" \/>\n<script type=\"application\/ld+json\" class=\"yoast-schema-graph\">{\"@context\":\"https:\/\/schema.org\",\"@graph\":[{\"@type\":\"WebSite\",\"@id\":\"https:\/\/dsipartnersconsulting.com\/blog\/#website\",\"url\":\"https:\/\/dsipartnersconsulting.com\/blog\/\",\"name\":\"Blog DSI Partners\",\"description\":\"Driving Strategic Impact\",\"potentialAction\":[{\"@type\":\"SearchAction\",\"target\":\"https:\/\/dsipartnersconsulting.com\/blog\/?s={search_term_string}\",\"query-input\":\"required name=search_term_string\"}],\"inLanguage\":\"en-US\"},{\"@type\":\"WebPage\",\"@id\":\"https:\/\/dsipartnersconsulting.com\/blog\/#webpage\",\"url\":\"https:\/\/dsipartnersconsulting.com\/blog\/\",\"name\":\"Our Blog - Blog DSI Partners\",\"isPartOf\":{\"@id\":\"https:\/\/dsipartnersconsulting.com\/blog\/#website\"},\"datePublished\":\"2020-06-07T00:49:19+00:00\",\"dateModified\":\"2020-11-03T14:09:08+00:00\",\"breadcrumb\":{\"@id\":\"https:\/\/dsipartnersconsulting.com\/blog\/#breadcrumb\"},\"inLanguage\":\"en-US\",\"potentialAction\":[{\"@type\":\"ReadAction\",\"target\":[\"https:\/\/dsipartnersconsulting.com\/blog\/\"]}]},{\"@type\":\"BreadcrumbList\",\"@id\":\"https:\/\/dsipartnersconsulting.com\/blog\/#breadcrumb\",\"itemListElement\":[{\"@type\":\"ListItem\",\"position\":1,\"name\":\"In\\u00edcio\",\"item\":\"https:\/\/dsipartnersconsulting.com\/blog\/\"},{\"@type\":\"ListItem\",\"position\":2,\"name\":\"Our Blog\"}]}]}<\/script>\n<!-- \/ Yoast SEO plugin. -->","_links":{"self":[{"href":"https:\/\/dsipartnersconsulting.com\/blog\/wp-json\/wp\/v2\/pages\/41"}],"collection":[{"href":"https:\/\/dsipartnersconsulting.com\/blog\/wp-json\/wp\/v2\/pages"}],"about":[{"href":"https:\/\/dsipartnersconsulting.com\/blog\/wp-json\/wp\/v2\/types\/page"}],"author":[{"embeddable":true,"href":"https:\/\/dsipartnersconsulting.com\/blog\/wp-json\/wp\/v2\/users\/4"}],"replies":[{"embeddable":true,"href":"https:\/\/dsipartnersconsulting.com\/blog\/wp-json\/wp\/v2\/comments?post=41"}],"version-history":[{"count":29,"href":"https:\/\/dsipartnersconsulting.com\/blog\/wp-json\/wp\/v2\/pages\/41\/revisions"}],"predecessor-version":[{"id":2676,"href":"https:\/\/dsipartnersconsulting.com\/blog\/wp-json\/wp\/v2\/pages\/41\/revisions\/2676"}],"wp:attachment":[{"href":"https:\/\/dsipartnersconsulting.com\/blog\/wp-json\/wp\/v2\/media?parent=41"}],"curies":[{"name":"wp","href":"https:\/\/api.w.org\/{rel}","templated":true}]}}